{"id":368,"date":"2021-10-11T07:17:30","date_gmt":"2021-10-11T07:17:30","guid":{"rendered":"https:\/\/demosites.io\/neve-3\/?page_id=368"},"modified":"2023-10-26T08:01:25","modified_gmt":"2023-10-26T08:01:25","slug":"7b3c2-galleries","status":"publish","type":"page","link":"https:\/\/tex-renew.uav.ro\/index.php\/7b3c2-patterns\/7b3c2-galleries\/","title":{"rendered":"Gallerie"},"content":{"rendered":"\n<div class=\"wp-block-group\"><div class=\"wp-block-group__inner-container is-layout-flow wp-block-group-is-layout-flow\">\n<figure class=\"wp-block-gallery has-nested-images columns-2 is-cropped wp-block-gallery-1 is-layout-flex wp-block-gallery-is-layout-flex\">\n<figure class=\"wp-block-image size-large\"><img loading=\"lazy\" decoding=\"async\" width=\"1024\" height=\"682\" data-id=\"615\" src=\"https:\/\/tex-renew.uav.ro\/wp-content\/uploads\/2023\/10\/FB_IMG_1698306174461-1024x682.jpg\" alt=\"\" class=\"wp-image-615\" srcset=\"https:\/\/tex-renew.uav.ro\/wp-content\/uploads\/2023\/10\/FB_IMG_1698306174461-1024x682.jpg 1024w, https:\/\/tex-renew.uav.ro\/wp-content\/uploads\/2023\/10\/FB_IMG_1698306174461-300x200.jpg 300w, https:\/\/tex-renew.uav.ro\/wp-content\/uploads\/2023\/10\/FB_IMG_1698306174461-768x511.jpg 768w, https:\/\/tex-renew.uav.ro\/wp-content\/uploads\/2023\/10\/FB_IMG_1698306174461-930x620.jpg 930w, https:\/\/tex-renew.uav.ro\/wp-content\/uploads\/2023\/10\/FB_IMG_1698306174461.jpg 1080w\" sizes=\"auto, (max-width: 1024px) 100vw, 1024px\" \/><\/figure>\n\n\n\n<figure class=\"wp-block-image size-large\"><img loading=\"lazy\" decoding=\"async\" width=\"1024\" height=\"682\" data-id=\"616\" src=\"https:\/\/tex-renew.uav.ro\/wp-content\/uploads\/2023\/10\/FB_IMG_1698306181453-1024x682.jpg\" alt=\"\" class=\"wp-image-616\" srcset=\"https:\/\/tex-renew.uav.ro\/wp-content\/uploads\/2023\/10\/FB_IMG_1698306181453-1024x682.jpg 1024w, https:\/\/tex-renew.uav.ro\/wp-content\/uploads\/2023\/10\/FB_IMG_1698306181453-300x200.jpg 300w, https:\/\/tex-renew.uav.ro\/wp-content\/uploads\/2023\/10\/FB_IMG_1698306181453-768x511.jpg 768w, https:\/\/tex-renew.uav.ro\/wp-content\/uploads\/2023\/10\/FB_IMG_1698306181453-930x620.jpg 930w, https:\/\/tex-renew.uav.ro\/wp-content\/uploads\/2023\/10\/FB_IMG_1698306181453.jpg 1080w\" sizes=\"auto, (max-width: 1024px) 100vw, 1024px\" \/><\/figure>\n\n\n\n<figure class=\"wp-block-image size-large\"><img loading=\"lazy\" decoding=\"async\" width=\"1024\" height=\"682\" data-id=\"618\" src=\"https:\/\/tex-renew.uav.ro\/wp-content\/uploads\/2023\/10\/FB_IMG_1698306192243-1024x682.jpg\" alt=\"\" class=\"wp-image-618\" srcset=\"https:\/\/tex-renew.uav.ro\/wp-content\/uploads\/2023\/10\/FB_IMG_1698306192243-1024x682.jpg 1024w, https:\/\/tex-renew.uav.ro\/wp-content\/uploads\/2023\/10\/FB_IMG_1698306192243-300x200.jpg 300w, https:\/\/tex-renew.uav.ro\/wp-content\/uploads\/2023\/10\/FB_IMG_1698306192243-768x511.jpg 768w, https:\/\/tex-renew.uav.ro\/wp-content\/uploads\/2023\/10\/FB_IMG_1698306192243-930x620.jpg 930w, https:\/\/tex-renew.uav.ro\/wp-content\/uploads\/2023\/10\/FB_IMG_1698306192243.jpg 1080w\" sizes=\"auto, (max-width: 1024px) 100vw, 1024px\" \/><\/figure>\n\n\n\n<figure class=\"wp-block-image size-large\"><img loading=\"lazy\" decoding=\"async\" width=\"1024\" height=\"682\" data-id=\"619\" src=\"https:\/\/tex-renew.uav.ro\/wp-content\/uploads\/2023\/10\/FB_IMG_1698306198410-1024x682.jpg\" alt=\"\" class=\"wp-image-619\" srcset=\"https:\/\/tex-renew.uav.ro\/wp-content\/uploads\/2023\/10\/FB_IMG_1698306198410-1024x682.jpg 1024w, https:\/\/tex-renew.uav.ro\/wp-content\/uploads\/2023\/10\/FB_IMG_1698306198410-300x200.jpg 300w, https:\/\/tex-renew.uav.ro\/wp-content\/uploads\/2023\/10\/FB_IMG_1698306198410-768x511.jpg 768w, https:\/\/tex-renew.uav.ro\/wp-content\/uploads\/2023\/10\/FB_IMG_1698306198410-930x620.jpg 930w, https:\/\/tex-renew.uav.ro\/wp-content\/uploads\/2023\/10\/FB_IMG_1698306198410.jpg 1080w\" sizes=\"auto, (max-width: 1024px) 100vw, 1024px\" \/><\/figure>\n\n\n\n<figure class=\"wp-block-image size-large\"><img loading=\"lazy\" decoding=\"async\" width=\"1024\" height=\"682\" data-id=\"620\" src=\"https:\/\/tex-renew.uav.ro\/wp-content\/uploads\/2023\/10\/FB_IMG_1698306212996-1024x682.jpg\" alt=\"\" class=\"wp-image-620\" srcset=\"https:\/\/tex-renew.uav.ro\/wp-content\/uploads\/2023\/10\/FB_IMG_1698306212996-1024x682.jpg 1024w, https:\/\/tex-renew.uav.ro\/wp-content\/uploads\/2023\/10\/FB_IMG_1698306212996-300x200.jpg 300w, https:\/\/tex-renew.uav.ro\/wp-content\/uploads\/2023\/10\/FB_IMG_1698306212996-768x511.jpg 768w, https:\/\/tex-renew.uav.ro\/wp-content\/uploads\/2023\/10\/FB_IMG_1698306212996-930x620.jpg 930w, https:\/\/tex-renew.uav.ro\/wp-content\/uploads\/2023\/10\/FB_IMG_1698306212996.jpg 1080w\" sizes=\"auto, (max-width: 1024px) 100vw, 1024px\" \/><\/figure>\n<\/figure>\n\n\n\n<div style=\"height:80px\" aria-hidden=\"true\" class=\"wp-block-spacer\"><\/div>\n<\/div><\/div>\n\n\n\n<div class=\"wp-block-cover alignfull\" style=\"min-height:300px;aspect-ratio:unset;\"><span aria-hidden=\"true\" class=\"wp-block-cover__background has-nv-dark-bg-background-color has-background-dim-100 has-background-dim\"><\/span><div class=\"wp-block-cover__inner-container is-layout-flow wp-block-cover-is-layout-flow\">\n<div style=\"height:80px\" aria-hidden=\"true\" class=\"wp-block-spacer\"><\/div>\n\n\n<div class=\"wp-block-image\">\n<figure class=\"aligncenter size-large\"><img loading=\"lazy\" decoding=\"async\" width=\"1024\" height=\"768\" src=\"https:\/\/tex-renew.uav.ro\/wp-content\/uploads\/2023\/10\/w3-1-1024x768.jpg\" alt=\"\" class=\"wp-image-621\" srcset=\"https:\/\/tex-renew.uav.ro\/wp-content\/uploads\/2023\/10\/w3-1-1024x768.jpg 1024w, https:\/\/tex-renew.uav.ro\/wp-content\/uploads\/2023\/10\/w3-1-300x225.jpg 300w, https:\/\/tex-renew.uav.ro\/wp-content\/uploads\/2023\/10\/w3-1-768x576.jpg 768w, https:\/\/tex-renew.uav.ro\/wp-content\/uploads\/2023\/10\/w3-1.jpg 1080w\" sizes=\"auto, (max-width: 1024px) 100vw, 1024px\" \/><\/figure>\n<\/div>\n\n\n<p>La finalul s\u0103pt\u0103m\u00e2nii trecute am avut \u00een vizita studen\u021bi ai Universit\u0103\u021bii Aurel Vlaicu din Arad. Ne-a f\u0103cut o deosebit\u0103 pl\u0103cere s\u0103 le ar\u0103t\u0103m \u00eentregul proces de produc\u021bie \u0219i s\u0103 discut\u0103m despre ce \u00eenseamn\u0103 s\u0103 lucrezi \u00een industria\u00a0textil\u0103!\u00a0\ud83d\ude42<\/p>\n\n\n\n<div style=\"height:50px\" aria-hidden=\"true\" class=\"wp-block-spacer\"><\/div>\n<\/div><\/div>\n\n\n\n<div style=\"height:80px\" aria-hidden=\"true\" class=\"wp-block-spacer\"><\/div>\n\n\n\n<div class=\"wp-block-columns is-layout-flex wp-container-core-columns-is-layout-9d6595d7 wp-block-columns-is-layout-flex\">\n<div class=\"wp-block-column is-layout-flow wp-block-column-is-layout-flow\" style=\"flex-basis:33.3%\">\n<figure class=\"wp-block-image size-full\"><a href=\"https:\/\/www.aradon.ro\/aradon-stirile-judetului-arad\/povestile-de-succes-ale-absolventilor-uav-prezentate-in-cadrul-tex-renew-1719536\/?fbclid=IwAR00G40popmKcAmesMdwAFHKPzwrHNK4-MIKcmyqTJmf6QVighJAOIqiTbE\" target=\"_blank\" rel=\"noreferrer noopener\"><img loading=\"lazy\" decoding=\"async\" width=\"665\" height=\"677\" src=\"https:\/\/tex-renew.uav.ro\/wp-content\/uploads\/2023\/10\/w4.png\" alt=\"\" class=\"wp-image-623\" srcset=\"https:\/\/tex-renew.uav.ro\/wp-content\/uploads\/2023\/10\/w4.png 665w, https:\/\/tex-renew.uav.ro\/wp-content\/uploads\/2023\/10\/w4-295x300.png 295w\" sizes=\"auto, (max-width: 665px) 100vw, 665px\" \/><\/a><\/figure>\n<\/div>\n\n\n\n<div class=\"wp-block-column is-layout-flow wp-block-column-is-layout-flow\" style=\"flex-basis:33%\">\n<figure class=\"wp-block-image size-full\"><img loading=\"lazy\" decoding=\"async\" width=\"800\" height=\"800\" src=\"https:\/\/tex-renew.uav.ro\/wp-content\/uploads\/2021\/10\/neve-demo-image-29.png\" alt=\"\" class=\"wp-image-373\" srcset=\"https:\/\/tex-renew.uav.ro\/wp-content\/uploads\/2021\/10\/neve-demo-image-29.png 800w, https:\/\/tex-renew.uav.ro\/wp-content\/uploads\/2021\/10\/neve-demo-image-29-300x300.png 300w, https:\/\/tex-renew.uav.ro\/wp-content\/uploads\/2021\/10\/neve-demo-image-29-150x150.png 150w\" sizes=\"auto, (max-width: 800px) 100vw, 800px\" \/><\/figure>\n<\/div>\n\n\n\n<div class=\"wp-block-column is-layout-flow wp-block-column-is-layout-flow\" style=\"flex-basis:33%\">\n<figure class=\"wp-block-image size-full\"><img loading=\"lazy\" decoding=\"async\" width=\"800\" height=\"800\" src=\"https:\/\/tex-renew.uav.ro\/wp-content\/uploads\/2021\/10\/neve-demo-image-31.png\" alt=\"\" class=\"wp-image-375\" srcset=\"https:\/\/tex-renew.uav.ro\/wp-content\/uploads\/2021\/10\/neve-demo-image-31.png 800w, https:\/\/tex-renew.uav.ro\/wp-content\/uploads\/2021\/10\/neve-demo-image-31-300x300.png 300w, https:\/\/tex-renew.uav.ro\/wp-content\/uploads\/2021\/10\/neve-demo-image-31-150x150.png 150w\" sizes=\"auto, (max-width: 800px) 100vw, 800px\" \/><\/figure>\n<\/div>\n<\/div>\n\n\n\n<div class=\"wp-block-columns is-layout-flex wp-container-core-columns-is-layout-9d6595d7 wp-block-columns-is-layout-flex\">\n<div class=\"wp-block-column is-layout-flow wp-block-column-is-layout-flow\">\n<figure class=\"wp-block-image size-full\"><img loading=\"lazy\" decoding=\"async\" width=\"780\" height=\"780\" src=\"https:\/\/tex-renew.uav.ro\/wp-content\/uploads\/2021\/10\/neve-demo-image-04.png\" alt=\"\" class=\"wp-image-327\" srcset=\"https:\/\/tex-renew.uav.ro\/wp-content\/uploads\/2021\/10\/neve-demo-image-04.png 780w, https:\/\/tex-renew.uav.ro\/wp-content\/uploads\/2021\/10\/neve-demo-image-04-300x300.png 300w, https:\/\/tex-renew.uav.ro\/wp-content\/uploads\/2021\/10\/neve-demo-image-04-150x150.png 150w\" sizes=\"auto, (max-width: 780px) 100vw, 780px\" \/><\/figure>\n<\/div>\n\n\n\n<div class=\"wp-block-column is-layout-flow wp-block-column-is-layout-flow\">\n<figure class=\"wp-block-image size-full\"><img loading=\"lazy\" decoding=\"async\" width=\"780\" height=\"780\" src=\"https:\/\/tex-renew.uav.ro\/wp-content\/uploads\/2021\/10\/neve-demo-image-09.png\" alt=\"\" class=\"wp-image-332\" srcset=\"https:\/\/tex-renew.uav.ro\/wp-content\/uploads\/2021\/10\/neve-demo-image-09.png 780w, https:\/\/tex-renew.uav.ro\/wp-content\/uploads\/2021\/10\/neve-demo-image-09-300x300.png 300w, https:\/\/tex-renew.uav.ro\/wp-content\/uploads\/2021\/10\/neve-demo-image-09-150x150.png 150w\" sizes=\"auto, (max-width: 780px) 100vw, 780px\" \/><\/figure>\n<\/div>\n<\/div>\n\n\n\n<div style=\"height:50px\" aria-hidden=\"true\" class=\"wp-block-spacer\"><\/div>\n","protected":false},"excerpt":{"rendered":"","protected":false},"author":1,"featured_media":0,"parent":69,"menu_order":0,"comment_status":"closed","ping_status":"closed","template":"","meta":{"neve_meta_sidebar":"","neve_meta_container":"contained","neve_meta_enable_content_width":"on","neve_meta_content_width":100,"neve_meta_title_alignment":"center","neve_meta_author_avatar":"","neve_post_elements_order":"","neve_meta_disable_header":"","neve_meta_disable_footer":"","neve_meta_disable_title":"off","_themeisle_gutenberg_block_has_review":false,"footnotes":""},"class_list":["post-368","page","type-page","status-publish","hentry"],"_links":{"self":[{"href":"https:\/\/tex-renew.uav.ro\/index.php\/wp-json\/wp\/v2\/pages\/368","targetHints":{"allow":["GET"]}}],"collection":[{"href":"https:\/\/tex-renew.uav.ro\/index.php\/wp-json\/wp\/v2\/pages"}],"about":[{"href":"https:\/\/tex-renew.uav.ro\/index.php\/wp-json\/wp\/v2\/types\/page"}],"author":[{"embeddable":true,"href":"https:\/\/tex-renew.uav.ro\/index.php\/wp-json\/wp\/v2\/users\/1"}],"replies":[{"embeddable":true,"href":"https:\/\/tex-renew.uav.ro\/index.php\/wp-json\/wp\/v2\/comments?post=368"}],"version-history":[{"count":3,"href":"https:\/\/tex-renew.uav.ro\/index.php\/wp-json\/wp\/v2\/pages\/368\/revisions"}],"predecessor-version":[{"id":624,"href":"https:\/\/tex-renew.uav.ro\/index.php\/wp-json\/wp\/v2\/pages\/368\/revisions\/624"}],"up":[{"embeddable":true,"href":"https:\/\/tex-renew.uav.ro\/index.php\/wp-json\/wp\/v2\/pages\/69"}],"wp:attachment":[{"href":"https:\/\/tex-renew.uav.ro\/index.php\/wp-json\/wp\/v2\/media?parent=368"}],"curies":[{"name":"wp","href":"https:\/\/api.w.org\/{rel}","templated":true}]}}