{"id":46,"date":"2021-02-16T11:44:42","date_gmt":"2021-02-16T11:44:42","guid":{"rendered":"https:\/\/demosites.io\/neve-3\/?page_id=46"},"modified":"2023-10-26T07:41:09","modified_gmt":"2023-10-26T07:41:09","slug":"7b3c2-homepage","status":"publish","type":"page","link":"https:\/\/tex-renew.uav.ro\/","title":{"rendered":"SAS"},"content":{"rendered":"\n<div class=\"wp-block-cover alignfull is-repeated\" style=\"min-height:600px;aspect-ratio:unset;\"><span aria-hidden=\"true\" class=\"wp-block-cover__background has-background-dim-60 has-background-dim wp-block-cover__gradient-background has-background-gradient\" style=\"background:linear-gradient(135deg,rgb(10,10,19) 0%,rgb(40,116,252) 100%)\"><\/span><div role=\"img\" class=\"wp-block-cover__image-background wp-image-419 is-repeated\" style=\"background-position:100% 0%;background-image:url(https:\/\/tex-renew.uav.ro\/wp-content\/uploads\/2021\/10\/title-6.png)\"><\/div><div class=\"wp-block-cover__inner-container is-layout-flow wp-block-cover-is-layout-flow\">\n<div style=\"height:40px\" aria-hidden=\"true\" class=\"wp-block-spacer\"><\/div>\n\n\n\n<div class=\"wp-block-columns are-vertically-aligned-center is-layout-flex wp-container-core-columns-is-layout-9d6595d7 wp-block-columns-is-layout-flex\">\n<div class=\"wp-block-column is-vertically-aligned-center is-layout-flow wp-block-column-is-layout-flow\" style=\"flex-basis:100%\">\n<h1 class=\"wp-block-heading has-text-align-left\" style=\"font-size:56px\">Antreprenori de succes,marca UAV Arad. <\/h1>\n\n\n\n<p class=\"has-text-align-left\" style=\"font-size:1.125em\">Accesul doar prin \u00eenscriere prealabil\u0103 \u0219i confirmare din paretea organizatoriilor.<\/p>\n\n\n\n<div class=\"wp-block-buttons is-layout-flex wp-block-buttons-is-layout-flex\">\n<div class=\"wp-block-button\"><a class=\"wp-block-button__link wp-element-button\" href=\"https:\/\/tex-renew.uav.ro\/index.php\/7b3c2-home-alt\/\">Workshop 1<\/a><\/div>\n\n\n\n<div class=\"wp-block-button\"><a class=\"wp-block-button__link wp-element-button\" href=\"https:\/\/tex-renew.uav.ro\/index.php\/workshop-2\/\">Workshop 2<\/a><\/div>\n<\/div>\n<\/div>\n\n\n\n<div class=\"wp-block-column is-vertically-aligned-center is-layout-flow wp-block-column-is-layout-flow\" style=\"flex-basis:30%\">\n<p><\/p>\n<\/div>\n<\/div>\n\n\n\n<div style=\"height:40px\" aria-hidden=\"true\" class=\"wp-block-spacer\"><\/div>\n<\/div><\/div>\n\n\n\n<div style=\"height:40px\" aria-hidden=\"true\" class=\"wp-block-spacer\"><\/div>\n\n\n\n<div style=\"height:20px\" aria-hidden=\"true\" class=\"wp-block-spacer\"><\/div>\n\n\n\n<div class=\"wp-block-columns are-vertically-aligned-top is-layout-flex wp-container-core-columns-is-layout-9d6595d7 wp-block-columns-is-layout-flex\">\n<div class=\"wp-block-column is-vertically-aligned-top is-layout-flow wp-block-column-is-layout-flow\">\n<figure class=\"wp-block-image size-large\"><img loading=\"lazy\" decoding=\"async\" width=\"724\" height=\"1024\" src=\"https:\/\/tex-renew.uav.ro\/wp-content\/uploads\/2023\/05\/silviuflaviumocanu-724x1024.jpg\" alt=\"\" class=\"wp-image-441\" srcset=\"https:\/\/tex-renew.uav.ro\/wp-content\/uploads\/2023\/05\/silviuflaviumocanu-724x1024.jpg 724w, https:\/\/tex-renew.uav.ro\/wp-content\/uploads\/2023\/05\/silviuflaviumocanu-212x300.jpg 212w, https:\/\/tex-renew.uav.ro\/wp-content\/uploads\/2023\/05\/silviuflaviumocanu-768x1086.jpg 768w, https:\/\/tex-renew.uav.ro\/wp-content\/uploads\/2023\/05\/silviuflaviumocanu-1086x1536.jpg 1086w, https:\/\/tex-renew.uav.ro\/wp-content\/uploads\/2023\/05\/silviuflaviumocanu.jpg 1448w\" sizes=\"auto, (max-width: 724px) 100vw, 724px\" \/><\/figure>\n\n\n\n<div style=\"height:16px\" aria-hidden=\"true\" class=\"wp-block-spacer\"><\/div>\n\n\n\n<h3 class=\"wp-block-heading\">Silviu Flaviu Mocanu<\/h3>\n\n\n\n<p>Am o experien\u021b\u0103 de 28 ani \u00een domeniul industie textrile, 17 anii reprezentant tehnico-comercial,firme furnizoare de echipamente textile \u0219i 5 ani de anteprenoriat.<\/p>\n<\/div>\n\n\n\n<div class=\"wp-block-column is-vertically-aligned-top is-layout-flow wp-block-column-is-layout-flow\">\n<figure class=\"wp-block-image size-full\"><img loading=\"lazy\" decoding=\"async\" width=\"720\" height=\"1018\" src=\"https:\/\/tex-renew.uav.ro\/wp-content\/uploads\/2023\/05\/raducavaci.jpg\" alt=\"\" class=\"wp-image-454\" srcset=\"https:\/\/tex-renew.uav.ro\/wp-content\/uploads\/2023\/05\/raducavaci.jpg 720w, https:\/\/tex-renew.uav.ro\/wp-content\/uploads\/2023\/05\/raducavaci-212x300.jpg 212w\" sizes=\"auto, (max-width: 720px) 100vw, 720px\" \/><\/figure>\n\n\n\n<div style=\"height:16px\" aria-hidden=\"true\" class=\"wp-block-spacer\"><\/div>\n\n\n\n<h3 class=\"wp-block-heading\">Radu Covaci<\/h3>\n\n\n\n<p> 23 de ani experien\u021b\u0103 profesional\u0103 \u00een industria textil\u0103,16 ani anteprenoriat  &#8211; Rad Print SRL &#8211; producator de etichete pentru confec\u021bii textile,\u00eembr\u0103c\u0103minte,\u00eenc\u0103l\u021b\u0103minte, automotive.<\/p>\n<\/div>\n\n\n\n<div class=\"wp-block-column is-vertically-aligned-top is-layout-flow wp-block-column-is-layout-flow\">\n<figure class=\"wp-block-image size-full\"><img loading=\"lazy\" decoding=\"async\" width=\"720\" height=\"1018\" src=\"https:\/\/tex-renew.uav.ro\/wp-content\/uploads\/2023\/05\/adrianclepcea.jpg\" alt=\"\" class=\"wp-image-455\" srcset=\"https:\/\/tex-renew.uav.ro\/wp-content\/uploads\/2023\/05\/adrianclepcea.jpg 720w, https:\/\/tex-renew.uav.ro\/wp-content\/uploads\/2023\/05\/adrianclepcea-212x300.jpg 212w\" sizes=\"auto, (max-width: 720px) 100vw, 720px\" \/><\/figure>\n\n\n\n<div style=\"height:16px\" aria-hidden=\"true\" class=\"wp-block-spacer\"><\/div>\n\n\n\n<h3 class=\"wp-block-heading\">Adrian Clepcea<\/h3>\n\n\n\n<p>21 ani experien\u021b\u0103 Sysrom S.A., Rosko Textil,JRL Edition,Hewllet Packard Enterprise, Key Sefety Sistems,Softvision.<\/p>\n<\/div>\n<\/div>\n\n\n\n<div class=\"wp-block-columns are-vertically-aligned-top is-layout-flex wp-container-core-columns-is-layout-9d6595d7 wp-block-columns-is-layout-flex\">\n<div class=\"wp-block-column is-vertically-aligned-top is-layout-flow wp-block-column-is-layout-flow\">\n<figure class=\"wp-block-image size-full\"><img loading=\"lazy\" decoding=\"async\" width=\"720\" height=\"1018\" src=\"https:\/\/tex-renew.uav.ro\/wp-content\/uploads\/2023\/05\/cameliaursu.jpg\" alt=\"\" class=\"wp-image-456\" srcset=\"https:\/\/tex-renew.uav.ro\/wp-content\/uploads\/2023\/05\/cameliaursu.jpg 720w, https:\/\/tex-renew.uav.ro\/wp-content\/uploads\/2023\/05\/cameliaursu-212x300.jpg 212w\" sizes=\"auto, (max-width: 720px) 100vw, 720px\" \/><\/figure>\n\n\n\n<div style=\"height:16px\" aria-hidden=\"true\" class=\"wp-block-spacer\"><\/div>\n\n\n\n<h3 class=\"wp-block-heading\">Carmen Ursu<\/h3>\n\n\n\n<p>26 ani experien\u021b\u0103 profesional\u0103 \u00een industria textil\u0103, 10 ani experien\u021b\u0103 bussiness ca antreprenor .<\/p>\n<\/div>\n\n\n\n<div class=\"wp-block-column is-vertically-aligned-top is-layout-flow wp-block-column-is-layout-flow\">\n<figure class=\"wp-block-image size-large\"><img loading=\"lazy\" decoding=\"async\" width=\"724\" height=\"1024\" src=\"https:\/\/tex-renew.uav.ro\/wp-content\/uploads\/2023\/05\/razvanionele-724x1024.jpg\" alt=\"\" class=\"wp-image-457\" srcset=\"https:\/\/tex-renew.uav.ro\/wp-content\/uploads\/2023\/05\/razvanionele-724x1024.jpg 724w, https:\/\/tex-renew.uav.ro\/wp-content\/uploads\/2023\/05\/razvanionele-212x300.jpg 212w, https:\/\/tex-renew.uav.ro\/wp-content\/uploads\/2023\/05\/razvanionele-768x1086.jpg 768w, https:\/\/tex-renew.uav.ro\/wp-content\/uploads\/2023\/05\/razvanionele-1086x1536.jpg 1086w, https:\/\/tex-renew.uav.ro\/wp-content\/uploads\/2023\/05\/razvanionele.jpg 1131w\" sizes=\"auto, (max-width: 724px) 100vw, 724px\" \/><\/figure>\n\n\n\n<div style=\"height:16px\" aria-hidden=\"true\" class=\"wp-block-spacer\"><\/div>\n\n\n\n<h3 class=\"wp-block-heading\">Razvan Ionele<\/h3>\n\n\n\n<p>26 ani experien\u021b\u0103 profesional\u0103 \u00een industria textil\u0103, 20 ani experien\u021b\u0103 \u00een consultan\u021b\u0103,18 ani experien\u021b\u0103 \u00een Organiza\u021bia Gherzi, firm\u0103 global\u0103 de consultan\u021b\u0103 \u00een domeniu ingineriei textile 10 ani experien\u021b\u0103 ini Digitalizare \u0219i IoT.<\/p>\n<\/div>\n\n\n\n<div class=\"wp-block-column is-vertically-aligned-top is-layout-flow wp-block-column-is-layout-flow\">\n<div style=\"height:16px\" aria-hidden=\"true\" class=\"wp-block-spacer\"><\/div>\n\n\n\n<h3 class=\"wp-block-heading\"><\/h3>\n\n\n\n<p><\/p>\n<\/div>\n<\/div>\n\n\n\n<div style=\"height:223px\" aria-hidden=\"true\" class=\"wp-block-spacer\"><\/div>\n","protected":false},"excerpt":{"rendered":"<p>Silviu Flaviu Mocanu Am o experien\u021b\u0103 de 28 ani \u00een domeniul industie textrile, 17 anii reprezentant tehnico-comercial,firme furnizoare de echipamente textile \u0219i 5 ani de anteprenoriat. Radu Covaci 23 de ani experien\u021b\u0103 profesional\u0103 \u00een industria textil\u0103,16 ani anteprenoriat &#8211; Rad Print SRL &#8211; producator de etichete pentru confec\u021bii textile,\u00eembr\u0103c\u0103minte,\u00eenc\u0103l\u021b\u0103minte, automotive. Adrian Clepcea 21 ani experien\u021b\u0103&hellip;&nbsp;<a href=\"https:\/\/tex-renew.uav.ro\/\" rel=\"bookmark\">Read More &raquo;<span class=\"screen-reader-text\">SAS<\/span><\/a><\/p>\n","protected":false},"author":1,"featured_media":0,"parent":0,"menu_order":0,"comment_status":"closed","ping_status":"closed","template":"","meta":{"neve_meta_sidebar":"full-width","neve_meta_container":"contained","neve_meta_enable_content_width":"on","neve_meta_content_width":100,"neve_meta_title_alignment":"","neve_meta_author_avatar":"","neve_post_elements_order":"","neve_meta_disable_header":"","neve_meta_disable_footer":"","neve_meta_disable_title":"on","_themeisle_gutenberg_block_has_review":false,"footnotes":""},"class_list":["post-46","page","type-page","status-publish","hentry"],"_links":{"self":[{"href":"https:\/\/tex-renew.uav.ro\/index.php\/wp-json\/wp\/v2\/pages\/46","targetHints":{"allow":["GET"]}}],"collection":[{"href":"https:\/\/tex-renew.uav.ro\/index.php\/wp-json\/wp\/v2\/pages"}],"about":[{"href":"https:\/\/tex-renew.uav.ro\/index.php\/wp-json\/wp\/v2\/types\/page"}],"author":[{"embeddable":true,"href":"https:\/\/tex-renew.uav.ro\/index.php\/wp-json\/wp\/v2\/users\/1"}],"replies":[{"embeddable":true,"href":"https:\/\/tex-renew.uav.ro\/index.php\/wp-json\/wp\/v2\/comments?post=46"}],"version-history":[{"count":15,"href":"https:\/\/tex-renew.uav.ro\/index.php\/wp-json\/wp\/v2\/pages\/46\/revisions"}],"predecessor-version":[{"id":484,"href":"https:\/\/tex-renew.uav.ro\/index.php\/wp-json\/wp\/v2\/pages\/46\/revisions\/484"}],"wp:attachment":[{"href":"https:\/\/tex-renew.uav.ro\/index.php\/wp-json\/wp\/v2\/media?parent=46"}],"curies":[{"name":"wp","href":"https:\/\/api.w.org\/{rel}","templated":true}]}}